{"id":176,"date":"2026-04-15T10:16:48","date_gmt":"2026-04-15T08:16:48","guid":{"rendered":"http:\/\/e-nergys-canada-v2.local\/?page_id=176"},"modified":"2026-05-01T22:03:52","modified_gmt":"2026-05-01T18:03:52","slug":"contactez-nos-experts-en-efficacite-energetique-energys","status":"publish","type":"page","link":"https:\/\/e-nergys.com\/ca\/contactez-nos-experts-en-efficacite-energetique-energys\/","title":{"rendered":"Nous Contacter"},"content":{"rendered":"\n<div class=\"wp-block-group is-layout-constrained wp-container-core-group-is-layout-9ef6c765 wp-block-group-is-layout-constrained\" style=\"margin-top:var(--wp--preset--spacing--20-v);margin-bottom:var(--wp--preset--spacing--20-v);padding-right:var(--wp--preset--spacing--7-v);padding-left:var(--wp--preset--spacing--7-v)\">\n<script src=\"https:\/\/js.hsforms.net\/forms\/embed\/49040351.js\" defer><\/script>\n<div class=\"hs-form-frame\" data-region=\"na1\" data-form-id=\"b9c223f4-7365-45e8-92c1-63f880e921a7\" data-portal-id=\"49040351\"><\/div>\n<\/div>\n","protected":false},"excerpt":{"rendered":"","protected":false},"author":1,"featured_media":0,"parent":0,"menu_order":0,"comment_status":"closed","ping_status":"closed","template":"","meta":{"_acf_changed":false,"footnotes":""},"class_list":["post-176","page","type-page","status-publish","hentry"],"acf":[],"yoast_head":"<!-- This site is optimized with the Yoast SEO plugin v27.5 - https:\/\/yoast.com\/product\/yoast-seo-wordpress\/ -->\n<title>Nous Contacter | E&#039;nergys Canada<\/title>\n<meta name=\"description\" content=\"arlez \u00e0 un expert d&#039;E&#039;nergys pour \u00e9valuer votre potentiel d&#039;\u00e9conomies, structurer votre projet et acc\u00e9der aux subventions disponibles au Qu\u00e9bec.\" \/>\n<meta name=\"robots\" content=\"index, follow, max-snippet:-1, max-image-preview:large, max-video-preview:-1\" \/>\n<link rel=\"canonical\" href=\"https:\/\/e-nergys.com\/ca\/contactez-nos-experts-en-efficacite-energetique-energys\/\" \/>\n<meta property=\"og:locale\" content=\"fr_CA\" \/>\n<meta property=\"og:type\" content=\"article\" \/>\n<meta property=\"og:title\" content=\"Nous Contacter | E&#039;nergys Canada\" \/>\n<meta property=\"og:description\" content=\"arlez \u00e0 un expert d&#039;E&#039;nergys pour \u00e9valuer votre potentiel d&#039;\u00e9conomies, structurer votre projet et acc\u00e9der aux subventions disponibles au Qu\u00e9bec.\" \/>\n<meta property=\"og:url\" content=\"https:\/\/e-nergys.com\/ca\/contactez-nos-experts-en-efficacite-energetique-energys\/\" \/>\n<meta property=\"og:site_name\" content=\"E&#039;nergys Canada\" \/>\n<meta property=\"article:modified_time\" content=\"2026-05-01T18:03:52+00:00\" \/>\n<meta name=\"twitter:card\" content=\"summary_large_image\" \/>\n<script type=\"application\/ld+json\" class=\"yoast-schema-graph\">{\"@context\":\"https:\\\/\\\/schema.org\",\"@graph\":[{\"@type\":\"WebPage\",\"@id\":\"https:\\\/\\\/e-nergys.com\\\/ca\\\/contactez-nos-experts-en-efficacite-energetique-energys\\\/\",\"url\":\"https:\\\/\\\/e-nergys.com\\\/ca\\\/contactez-nos-experts-en-efficacite-energetique-energys\\\/\",\"name\":\"Nous Contacter | E&#039;nergys Canada\",\"isPartOf\":{\"@id\":\"https:\\\/\\\/e-nergys.com\\\/ca\\\/#website\"},\"datePublished\":\"2026-04-15T08:16:48+00:00\",\"dateModified\":\"2026-05-01T18:03:52+00:00\",\"description\":\"arlez \u00e0 un expert d'E'nergys pour \u00e9valuer votre potentiel d'\u00e9conomies, structurer votre projet et acc\u00e9der aux subventions disponibles au Qu\u00e9bec.\",\"breadcrumb\":{\"@id\":\"https:\\\/\\\/e-nergys.com\\\/ca\\\/contactez-nos-experts-en-efficacite-energetique-energys\\\/#breadcrumb\"},\"inLanguage\":\"fr-CA\",\"potentialAction\":[{\"@type\":\"ReadAction\",\"target\":[\"https:\\\/\\\/e-nergys.com\\\/ca\\\/contactez-nos-experts-en-efficacite-energetique-energys\\\/\"]}]},{\"@type\":\"BreadcrumbList\",\"@id\":\"https:\\\/\\\/e-nergys.com\\\/ca\\\/contactez-nos-experts-en-efficacite-energetique-energys\\\/#breadcrumb\",\"itemListElement\":[{\"@type\":\"ListItem\",\"position\":1,\"name\":\"Accueil\",\"item\":\"https:\\\/\\\/e-nergys.com\\\/ca\\\/\"},{\"@type\":\"ListItem\",\"position\":2,\"name\":\"Nous Contacter\"}]},{\"@type\":\"WebSite\",\"@id\":\"https:\\\/\\\/e-nergys.com\\\/ca\\\/#website\",\"url\":\"https:\\\/\\\/e-nergys.com\\\/ca\\\/\",\"name\":\"E'nergys Canada\",\"description\":\"R\u00e9duisez vos co\u00fbts \u00e9nerg\u00e9tiques et am\u00e9liorez la performance de vos b\u00e2timents au Qu\u00e9bec.\",\"publisher\":{\"@id\":\"https:\\\/\\\/e-nergys.com\\\/ca\\\/#organization\"},\"potentialAction\":[{\"@type\":\"SearchAction\",\"target\":{\"@type\":\"EntryPoint\",\"urlTemplate\":\"https:\\\/\\\/e-nergys.com\\\/ca\\\/?s={search_term_string}\"},\"query-input\":{\"@type\":\"PropertyValueSpecification\",\"valueRequired\":true,\"valueName\":\"search_term_string\"}}],\"inLanguage\":\"fr-CA\"},{\"@type\":\"Organization\",\"@id\":\"https:\\\/\\\/e-nergys.com\\\/ca\\\/#organization\",\"name\":\"E'nergys Canada\",\"url\":\"https:\\\/\\\/e-nergys.com\\\/ca\\\/\",\"logo\":{\"@type\":\"ImageObject\",\"inLanguage\":\"fr-CA\",\"@id\":\"https:\\\/\\\/e-nergys.com\\\/ca\\\/#\\\/schema\\\/logo\\\/image\\\/\",\"url\":\"https:\\\/\\\/e-nergys.com\\\/ca\\\/wp-content\\\/uploads\\\/2026\\\/04\\\/cropped-favicon.png\",\"contentUrl\":\"https:\\\/\\\/e-nergys.com\\\/ca\\\/wp-content\\\/uploads\\\/2026\\\/04\\\/cropped-favicon.png\",\"width\":512,\"height\":512,\"caption\":\"E'nergys Canada\"},\"image\":{\"@id\":\"https:\\\/\\\/e-nergys.com\\\/ca\\\/#\\\/schema\\\/logo\\\/image\\\/\"},\"sameAs\":[\"https:\\\/\\\/www.linkedin.com\\\/company\\\/e-nergys-canada\\\/\"]}]}<\/script>\n<!-- \/ Yoast SEO plugin. -->","yoast_head_json":{"title":"Nous Contacter | E&#039;nergys Canada","description":"arlez \u00e0 un expert d'E'nergys pour \u00e9valuer votre potentiel d'\u00e9conomies, structurer votre projet et acc\u00e9der aux subventions disponibles au Qu\u00e9bec.","robots":{"index":"index","follow":"follow","max-snippet":"max-snippet:-1","max-image-preview":"max-image-preview:large","max-video-preview":"max-video-preview:-1"},"canonical":"https:\/\/e-nergys.com\/ca\/contactez-nos-experts-en-efficacite-energetique-energys\/","og_locale":"fr_CA","og_type":"article","og_title":"Nous Contacter | E&#039;nergys Canada","og_description":"arlez \u00e0 un expert d'E'nergys pour \u00e9valuer votre potentiel d'\u00e9conomies, structurer votre projet et acc\u00e9der aux subventions disponibles au Qu\u00e9bec.","og_url":"https:\/\/e-nergys.com\/ca\/contactez-nos-experts-en-efficacite-energetique-energys\/","og_site_name":"E&#039;nergys Canada","article_modified_time":"2026-05-01T18:03:52+00:00","twitter_card":"summary_large_image","schema":{"@context":"https:\/\/schema.org","@graph":[{"@type":"WebPage","@id":"https:\/\/e-nergys.com\/ca\/contactez-nos-experts-en-efficacite-energetique-energys\/","url":"https:\/\/e-nergys.com\/ca\/contactez-nos-experts-en-efficacite-energetique-energys\/","name":"Nous Contacter | E&#039;nergys Canada","isPartOf":{"@id":"https:\/\/e-nergys.com\/ca\/#website"},"datePublished":"2026-04-15T08:16:48+00:00","dateModified":"2026-05-01T18:03:52+00:00","description":"arlez \u00e0 un expert d'E'nergys pour \u00e9valuer votre potentiel d'\u00e9conomies, structurer votre projet et acc\u00e9der aux subventions disponibles au Qu\u00e9bec.","breadcrumb":{"@id":"https:\/\/e-nergys.com\/ca\/contactez-nos-experts-en-efficacite-energetique-energys\/#breadcrumb"},"inLanguage":"fr-CA","potentialAction":[{"@type":"ReadAction","target":["https:\/\/e-nergys.com\/ca\/contactez-nos-experts-en-efficacite-energetique-energys\/"]}]},{"@type":"BreadcrumbList","@id":"https:\/\/e-nergys.com\/ca\/contactez-nos-experts-en-efficacite-energetique-energys\/#breadcrumb","itemListElement":[{"@type":"ListItem","position":1,"name":"Accueil","item":"https:\/\/e-nergys.com\/ca\/"},{"@type":"ListItem","position":2,"name":"Nous Contacter"}]},{"@type":"WebSite","@id":"https:\/\/e-nergys.com\/ca\/#website","url":"https:\/\/e-nergys.com\/ca\/","name":"E'nergys Canada","description":"R\u00e9duisez vos co\u00fbts \u00e9nerg\u00e9tiques et am\u00e9liorez la performance de vos b\u00e2timents au Qu\u00e9bec.","publisher":{"@id":"https:\/\/e-nergys.com\/ca\/#organization"},"potentialAction":[{"@type":"SearchAction","target":{"@type":"EntryPoint","urlTemplate":"https:\/\/e-nergys.com\/ca\/?s={search_term_string}"},"query-input":{"@type":"PropertyValueSpecification","valueRequired":true,"valueName":"search_term_string"}}],"inLanguage":"fr-CA"},{"@type":"Organization","@id":"https:\/\/e-nergys.com\/ca\/#organization","name":"E'nergys Canada","url":"https:\/\/e-nergys.com\/ca\/","logo":{"@type":"ImageObject","inLanguage":"fr-CA","@id":"https:\/\/e-nergys.com\/ca\/#\/schema\/logo\/image\/","url":"https:\/\/e-nergys.com\/ca\/wp-content\/uploads\/2026\/04\/cropped-favicon.png","contentUrl":"https:\/\/e-nergys.com\/ca\/wp-content\/uploads\/2026\/04\/cropped-favicon.png","width":512,"height":512,"caption":"E'nergys Canada"},"image":{"@id":"https:\/\/e-nergys.com\/ca\/#\/schema\/logo\/image\/"},"sameAs":["https:\/\/www.linkedin.com\/company\/e-nergys-canada\/"]}]}},"_links":{"self":[{"href":"https:\/\/e-nergys.com\/ca\/wp-json\/wp\/v2\/pages\/176","targetHints":{"allow":["GET"]}}],"collection":[{"href":"https:\/\/e-nergys.com\/ca\/wp-json\/wp\/v2\/pages"}],"about":[{"href":"https:\/\/e-nergys.com\/ca\/wp-json\/wp\/v2\/types\/page"}],"author":[{"embeddable":true,"href":"https:\/\/e-nergys.com\/ca\/wp-json\/wp\/v2\/users\/1"}],"replies":[{"embeddable":true,"href":"https:\/\/e-nergys.com\/ca\/wp-json\/wp\/v2\/comments?post=176"}],"version-history":[{"count":0,"href":"https:\/\/e-nergys.com\/ca\/wp-json\/wp\/v2\/pages\/176\/revisions"}],"wp:attachment":[{"href":"https:\/\/e-nergys.com\/ca\/wp-json\/wp\/v2\/media?parent=176"}],"curies":[{"name":"wp","href":"https:\/\/api.w.org\/{rel}","templated":true}]}}