{"id":115,"date":"2026-04-15T10:16:33","date_gmt":"2026-04-15T08:16:33","guid":{"rendered":"http:\/\/e-nergys-canada-v2.local\/?page_id=115"},"modified":"2026-05-04T11:54:09","modified_gmt":"2026-05-04T07:54:09","slug":"politique-de-confidentialite-et-temoins","status":"publish","type":"page","link":"https:\/\/e-nergys.com\/ca\/politique-de-confidentialite-et-temoins\/","title":{"rendered":"Politique de confidentialit\u00e9 et t\u00e9moins"},"content":{"rendered":"\n<div class=\"wp-block-cover alignfull\" style=\"padding-top:var(--wp--preset--spacing--26-v);padding-right:var(--wp--preset--spacing--8-v);padding-bottom:var(--wp--preset--spacing--26-v);padding-left:var(--wp--preset--spacing--8-v)\"><span aria-hidden=\"true\" class=\"wp-block-cover__background has-primary-1-background-color has-background-dim-100 has-background-dim\"><\/span><div class=\"wp-block-cover__inner-container is-layout-constrained wp-container-core-cover-is-layout-eeeace17 wp-block-cover-is-layout-constrained\">\n<div class=\"wp-block-group is-content-justification-left is-layout-constrained wp-container-core-group-is-layout-bde929eb wp-block-group-is-layout-constrained\"><nav style=\"margin-bottom:var(--wp--preset--spacing--18-v);--separator: &quot;\/&quot;\" class=\"wp-block-breadcrumbs\" aria-label=\"Breadcrumbs\"><ol><li><a href=\"https:\/\/e-nergys.com\/ca\/\">Accueil<\/a><\/li><li><span aria-current=\"page\">Politique de confidentialit\u00e9 et t\u00e9moins<\/span><\/li><\/ol><\/nav>\n\n\n<h1 class=\"wp-block-heading\">Politique de confidentialit\u00e9 et t\u00e9moins<\/h1>\n<\/div>\n<\/div><\/div>\n\n\n\n<div class=\"wp-block-group is-layout-constrained wp-container-core-group-is-layout-9ef6c765 wp-block-group-is-layout-constrained\" style=\"margin-top:var(--wp--preset--spacing--20-v);margin-bottom:var(--wp--preset--spacing--20-v);padding-right:var(--wp--preset--spacing--7-v);padding-left:var(--wp--preset--spacing--7-v)\">\n<p class=\"wp-block-paragraph\">Derni\u00e8re mise \u00e0 jour : mai 2025<\/p>\n\n\n\n<p class=\"wp-block-paragraph\">E\u2019NERGYS INC. (\u00ab&nbsp;E\u2019nergys&nbsp;\u00bb) s\u2019engage \u00e0 prot\u00e9ger les renseignements personnels des utilisateurs de son site web en conformit\u00e9 avec la Loi sur la protection des renseignements personnels dans le secteur priv\u00e9 du Qu\u00e9bec (Loi 25) et toute autre loi applicable en mati\u00e8re de protection de la vie priv\u00e9e.<\/p>\n\n\n\n<p class=\"wp-block-paragraph\">Cette politique d\u00e9crit comment nous recueillons, utilisons, conservons et prot\u00e9geons les renseignements personnels collect\u00e9s via notre site web, ainsi que notre utilisation des t\u00e9moins (cookies).<\/p>\n\n\n\n<h2 class=\"wp-block-heading has-primary-hover-color has-text-color has-link-color wp-elements-c91576f4cd198822b54fa10a8e7aca8e\">1. Collecte de renseignements personnels<\/h2>\n\n\n\n<p class=\"wp-block-paragraph\">Nous pouvons recueillir les renseignements personnels suivants lorsque vous utilisez notre site web&nbsp;:<\/p>\n\n\n\n<ul class=\"wp-block-list\">\n<li>Donn\u00e9es de navigation (adresse IP, type de navigateur, pages visit\u00e9es, dur\u00e9e de visite) via les t\u00e9moins<\/li>\n\n\n\n<li>Nom et pr\u00e9nom<\/li>\n\n\n\n<li>Adresse courriel professionnelle<\/li>\n\n\n\n<li>Num\u00e9ro de t\u00e9l\u00e9phone<\/li>\n\n\n\n<li>Nom de l\u2019entreprise et fonction occup\u00e9e<\/li>\n\n\n\n<li>Sujet de la demande et message transmis via le formulaire de contact<\/li>\n<\/ul>\n\n\n\n<h2 class=\"wp-block-heading has-primary-hover-color has-text-color has-link-color wp-elements-62dc070e9124eb92c284b9aa77a462cc\">2. Utilisation des renseignements personnels<\/h2>\n\n\n\n<p class=\"wp-block-paragraph\">Les renseignements personnels recueillis sont utilis\u00e9s aux fins suivantes&nbsp;:<\/p>\n\n\n\n<ul class=\"wp-block-list\">\n<li>Respecter nos obligations l\u00e9gales<\/li>\n\n\n\n<li>R\u00e9pondre \u00e0 vos demandes d\u2019information ou de soumission<\/li>\n\n\n\n<li>Vous transmettre notre infolettre, si vous y avez consenti<\/li>\n\n\n\n<li>Am\u00e9liorer l\u2019exp\u00e9rience de navigation sur notre site<\/li>\n\n\n\n<li>Analyser le comportement des utilisateurs \u00e0 des fins statistiques internes<\/li>\n<\/ul>\n\n\n\n<h2 class=\"wp-block-heading has-primary-hover-color has-text-color has-link-color wp-elements-d3d0842f9063e7e333f46f520fba80b7\">3. Consentement<\/h2>\n\n\n\n<p class=\"wp-block-paragraph\">En utilisant notre site web et en soumettant le formulaire de contact, vous consentez \u00e0 la collecte et \u00e0 l\u2019utilisation de vos renseignements personnels tels que d\u00e9crits dans la pr\u00e9sente politique.<\/p>\n\n\n\n<p class=\"wp-block-paragraph\">Vous pouvez retirer votre consentement en tout temps en communiquant avec notre responsable de la protection des renseignements personnels dont les coordonn\u00e9es figurent \u00e0 la section 8 de la pr\u00e9sente politique.<\/p>\n\n\n\n<h2 class=\"wp-block-heading has-primary-hover-color has-text-color has-link-color wp-elements-8b2fede7c12bb7023a70fa8678e474c5\">4. Conservation et s\u00e9curit\u00e9 des donn\u00e9es<\/h2>\n\n\n\n<p class=\"wp-block-paragraph\">E\u2019nergys conserve vos renseignements personnels uniquement pour la dur\u00e9e n\u00e9cessaire \u00e0 la r\u00e9alisation des fins pour lesquelles ils ont \u00e9t\u00e9 collect\u00e9s, ou tel que requis par la loi.<\/p>\n\n\n\n<p class=\"wp-block-paragraph\">Nous mettons en place des mesures de s\u00e9curit\u00e9 administratives, techniques et physiques raisonnables afin de prot\u00e9ger vos renseignements personnels contre tout acc\u00e8s non autoris\u00e9, toute divulgation, toute modification ou toute destruction.<\/p>\n\n\n\n<h2 class=\"wp-block-heading has-primary-hover-color has-text-color has-link-color wp-elements-3632f2700d897b7991f1386b491c30ee\">5. Communication \u00e0 des tiers<\/h2>\n\n\n\n<p class=\"wp-block-paragraph\">E\u2019nergys ne vend, ne loue ni ne partage vos renseignements personnels \u00e0 des tiers \u00e0 des fins commerciales. Nous pouvons toutefois les communiquer dans les situations suivantes&nbsp;:<\/p>\n\n\n\n<ul class=\"wp-block-list\">\n<li>Avec votre consentement explicite<\/li>\n\n\n\n<li>\u00c0 nos fournisseurs de services qui nous aident \u00e0 exploiter notre site web (ex.\u00a0: h\u00e9bergement, analytique web), sous r\u00e9serve de mesures contractuelles de protection ad\u00e9quates<\/li>\n\n\n\n<li>Si la loi l\u2019exige ou dans le cadre d\u2019une proc\u00e9dure judiciaire<\/li>\n<\/ul>\n\n\n\n<h2 class=\"wp-block-heading has-primary-hover-color has-text-color has-link-color wp-elements-8177cb5a09823ab9741e6bda4050d5cd\">6. Politique d\u2019utilisation des t\u00e9moins (cookies)<\/h2>\n\n\n\n<p class=\"wp-block-paragraph\"><strong>Que sont les t\u00e9moins\u00a0?<\/strong><\/p>\n\n\n\n<p class=\"wp-block-paragraph\">Les t\u00e9moins de connexion (cookies) sont de petits fichiers texte enregistr\u00e9s sur votre appareil lorsque vous visitez un site web. Ils permettent au site de m\u00e9moriser vos pr\u00e9f\u00e9rences et d\u2019analyser votre comportement de navigation afin d\u2019am\u00e9liorer votre exp\u00e9rience.<\/p>\n\n\n\n<p class=\"has-primary-1-color has-text-color has-link-color wp-elements-c399cacc07552cf80e50e443c561c4d2 wp-block-paragraph\"><strong>Types de t\u00e9moins utilis\u00e9s<\/strong><\/p>\n\n\n\n<p class=\"wp-block-paragraph\"><strong>T\u00e9moins essentiels&nbsp;: <\/strong>n\u00e9cessaires au bon fonctionnement du site, ils ne peuvent pas \u00eatre d\u00e9sactiv\u00e9s.<\/p>\n\n\n\n<p class=\"wp-block-paragraph\"><strong>T\u00e9moins analytiques&nbsp;: <\/strong>nous utilisons Google Analytics pour mieux comprendre comment vous utilisez notre site (pages visit\u00e9es, dur\u00e9e de visite, provenance du trafic). Ces donn\u00e9es sont anonymis\u00e9es et servent uniquement \u00e0 am\u00e9liorer notre site.<\/p>\n\n\n\n<p class=\"wp-block-paragraph\"><strong>T\u00e9moins de pr\u00e9f\u00e9rences\u00a0: <\/strong>permettent de m\u00e9moriser vos param\u00e8tres de navigation pour personnaliser votre exp\u00e9rience.<\/p>\n\n\n\n<p class=\"has-primary-1-color has-text-color has-link-color wp-elements-be715a558dc7254554386fc80e4f9cd4 wp-block-paragraph\"><strong>G\u00e9rer vos pr\u00e9f\u00e9rences en mati\u00e8re de t\u00e9moins<\/strong><\/p>\n\n\n\n<p class=\"wp-block-paragraph\">Vous pouvez en tout temps modifier vos pr\u00e9f\u00e9rences de t\u00e9moins en ajustant les param\u00e8tres de votre navigateur. Notez que le refus de certains t\u00e9moins pourrait affecter le fonctionnement optimal de notre site.<\/p>\n\n\n\n<h2 class=\"wp-block-heading has-primary-hover-color has-text-color has-link-color wp-elements-d822c4ff161eecd528e18d13d2d21f7c\">7. Vos droits<\/h2>\n\n\n\n<p class=\"wp-block-paragraph\">Conform\u00e9ment \u00e0 la Loi 25, vous avez le droit&nbsp;:<\/p>\n\n\n\n<ul class=\"wp-block-list\">\n<li>De d\u00e9poser une plainte aupr\u00e8s de la Commission d\u2019acc\u00e8s \u00e0 l\u2019information du Qu\u00e9bec<\/li>\n\n\n\n<li>D\u2019acc\u00e9der \u00e0 vos renseignements personnels d\u00e9tenus par E\u2019nergys<\/li>\n\n\n\n<li>De demander la correction de renseignements inexacts ou incomplets<\/li>\n\n\n\n<li>De retirer votre consentement \u00e0 l\u2019utilisation de vos renseignements<\/li>\n\n\n\n<li>De demander la suppression de vos renseignements, sous r\u00e9serve des obligations l\u00e9gales<\/li>\n\n\n\n<li>De vous opposer \u00e0 l\u2019utilisation de vos renseignements \u00e0 certaines fins<\/li>\n<\/ul>\n\n\n\n<h2 class=\"wp-block-heading has-primary-hover-color has-text-color has-link-color wp-elements-0f2cf7fc024491cbfc1ca8db15c77f11\">8. Responsable de la protection des renseignements personnels<\/h2>\n\n\n\n<p class=\"wp-block-paragraph\">Pour toute question, demande d\u2019acc\u00e8s, de correction ou de suppression de vos renseignements personnels, veuillez communiquer avec notre responsable d\u00e9sign\u00e9&nbsp;:<\/p>\n\n\n\n<p class=\"wp-block-paragraph\"><strong>Louis Steyert<\/strong><\/p>\n\n\n\n<p class=\"wp-block-paragraph\">Directeur G\u00e9n\u00e9ral D\u00e9l\u00e9gu\u00e9 \u2014 Canada<\/p>\n\n\n\n<p class=\"wp-block-paragraph\">E\u2019nergys Inc.<\/p>\n\n\n\n<p class=\"wp-block-paragraph\">Courriel\u00a0: <a href=\"mailto:Louis.Steyert@e-nergys.com\">Louis.Steyert@e-nergys.com<\/a><\/p>\n\n\n\n<h2 class=\"wp-block-heading has-primary-hover-color has-text-color has-link-color wp-elements-fd475255419e026d298c66772bc059e1\">9. Modifications \u00e0 la pr\u00e9sente politique<\/h2>\n\n\n\n<p class=\"wp-block-paragraph\">E\u2019nergys se r\u00e9serve le droit de modifier la pr\u00e9sente politique \u00e0 tout moment. Toute modification sera publi\u00e9e sur cette page avec la date de mise \u00e0 jour. Nous vous encourageons \u00e0 consulter r\u00e9guli\u00e8rement cette politique afin de rester inform\u00e9 de toute modification.<\/p>\n<\/div>\n","protected":false},"excerpt":{"rendered":"<p>Derni\u00e8re mise \u00e0 jour : mai 2025 E\u2019NERGYS INC. (\u00ab&nbsp;E\u2019nergys&nbsp;\u00bb) s\u2019engage \u00e0 prot\u00e9ger les renseignements personnels des utilisateurs de son site web en conformit\u00e9 avec la Loi sur la protection des renseignements personnels dans le secteur priv\u00e9 du Qu\u00e9bec (Loi 25) et toute autre loi applicable en mati\u00e8re de protection de la vie priv\u00e9e. Cette [&hellip;]<\/p>\n","protected":false},"author":1,"featured_media":0,"parent":0,"menu_order":0,"comment_status":"closed","ping_status":"closed","template":"","meta":{"_acf_changed":false,"footnotes":""},"class_list":["post-115","page","type-page","status-publish","hentry"],"acf":[],"yoast_head":"<!-- This site is optimized with the Yoast SEO plugin v27.5 - https:\/\/yoast.com\/product\/yoast-seo-wordpress\/ -->\n<title>Politique de confidentialit\u00e9 et t\u00e9moins | E&#039;nergys Canada<\/title>\n<meta name=\"robots\" content=\"noindex, nofollow\" \/>\n<meta property=\"og:locale\" content=\"fr_CA\" \/>\n<meta property=\"og:type\" content=\"article\" \/>\n<meta property=\"og:title\" content=\"Politique de confidentialit\u00e9 et t\u00e9moins | E&#039;nergys Canada\" \/>\n<meta property=\"og:description\" content=\"Derni\u00e8re mise \u00e0 jour : mai 2025 E\u2019NERGYS INC. (\u00ab&nbsp;E\u2019nergys&nbsp;\u00bb) s\u2019engage \u00e0 prot\u00e9ger les renseignements personnels des utilisateurs de son site web en conformit\u00e9 avec la Loi sur la protection des renseignements personnels dans le secteur priv\u00e9 du Qu\u00e9bec (Loi 25) et toute autre loi applicable en mati\u00e8re de protection de la vie priv\u00e9e. Cette [&hellip;]\" \/>\n<meta property=\"og:url\" content=\"https:\/\/e-nergys.com\/ca\/politique-de-confidentialite-et-temoins\/\" \/>\n<meta property=\"og:site_name\" content=\"E&#039;nergys Canada\" \/>\n<meta property=\"article:modified_time\" content=\"2026-05-04T07:54:09+00:00\" \/>\n<meta name=\"twitter:card\" content=\"summary_large_image\" \/>\n<meta name=\"twitter:label1\" content=\"Estimation du temps de lecture\" \/>\n\t<meta name=\"twitter:data1\" content=\"4 minutes\" \/>\n<script type=\"application\/ld+json\" class=\"yoast-schema-graph\">{\"@context\":\"https:\\\/\\\/schema.org\",\"@graph\":[{\"@type\":\"WebPage\",\"@id\":\"https:\\\/\\\/e-nergys.com\\\/ca\\\/politique-de-confidentialite-et-temoins\\\/\",\"url\":\"https:\\\/\\\/e-nergys.com\\\/ca\\\/politique-de-confidentialite-et-temoins\\\/\",\"name\":\"Politique de confidentialit\u00e9 et t\u00e9moins | E&#039;nergys Canada\",\"isPartOf\":{\"@id\":\"https:\\\/\\\/e-nergys.com\\\/ca\\\/#website\"},\"datePublished\":\"2026-04-15T08:16:33+00:00\",\"dateModified\":\"2026-05-04T07:54:09+00:00\",\"breadcrumb\":{\"@id\":\"https:\\\/\\\/e-nergys.com\\\/ca\\\/politique-de-confidentialite-et-temoins\\\/#breadcrumb\"},\"inLanguage\":\"fr-CA\",\"potentialAction\":[{\"@type\":\"ReadAction\",\"target\":[\"https:\\\/\\\/e-nergys.com\\\/ca\\\/politique-de-confidentialite-et-temoins\\\/\"]}]},{\"@type\":\"BreadcrumbList\",\"@id\":\"https:\\\/\\\/e-nergys.com\\\/ca\\\/politique-de-confidentialite-et-temoins\\\/#breadcrumb\",\"itemListElement\":[{\"@type\":\"ListItem\",\"position\":1,\"name\":\"Accueil\",\"item\":\"https:\\\/\\\/e-nergys.com\\\/ca\\\/\"},{\"@type\":\"ListItem\",\"position\":2,\"name\":\"Politique de confidentialit\u00e9 et t\u00e9moins\"}]},{\"@type\":\"WebSite\",\"@id\":\"https:\\\/\\\/e-nergys.com\\\/ca\\\/#website\",\"url\":\"https:\\\/\\\/e-nergys.com\\\/ca\\\/\",\"name\":\"E'nergys Canada\",\"description\":\"R\u00e9duisez vos co\u00fbts \u00e9nerg\u00e9tiques et am\u00e9liorez la performance de vos b\u00e2timents au Qu\u00e9bec.\",\"publisher\":{\"@id\":\"https:\\\/\\\/e-nergys.com\\\/ca\\\/#organization\"},\"potentialAction\":[{\"@type\":\"SearchAction\",\"target\":{\"@type\":\"EntryPoint\",\"urlTemplate\":\"https:\\\/\\\/e-nergys.com\\\/ca\\\/?s={search_term_string}\"},\"query-input\":{\"@type\":\"PropertyValueSpecification\",\"valueRequired\":true,\"valueName\":\"search_term_string\"}}],\"inLanguage\":\"fr-CA\"},{\"@type\":\"Organization\",\"@id\":\"https:\\\/\\\/e-nergys.com\\\/ca\\\/#organization\",\"name\":\"E'nergys Canada\",\"url\":\"https:\\\/\\\/e-nergys.com\\\/ca\\\/\",\"logo\":{\"@type\":\"ImageObject\",\"inLanguage\":\"fr-CA\",\"@id\":\"https:\\\/\\\/e-nergys.com\\\/ca\\\/#\\\/schema\\\/logo\\\/image\\\/\",\"url\":\"https:\\\/\\\/e-nergys.com\\\/ca\\\/wp-content\\\/uploads\\\/2026\\\/04\\\/cropped-favicon.png\",\"contentUrl\":\"https:\\\/\\\/e-nergys.com\\\/ca\\\/wp-content\\\/uploads\\\/2026\\\/04\\\/cropped-favicon.png\",\"width\":512,\"height\":512,\"caption\":\"E'nergys Canada\"},\"image\":{\"@id\":\"https:\\\/\\\/e-nergys.com\\\/ca\\\/#\\\/schema\\\/logo\\\/image\\\/\"},\"sameAs\":[\"https:\\\/\\\/www.linkedin.com\\\/company\\\/e-nergys-canada\\\/\"]}]}<\/script>\n<!-- \/ Yoast SEO plugin. -->","yoast_head_json":{"title":"Politique de confidentialit\u00e9 et t\u00e9moins | E&#039;nergys Canada","robots":{"index":"noindex","follow":"nofollow"},"og_locale":"fr_CA","og_type":"article","og_title":"Politique de confidentialit\u00e9 et t\u00e9moins | E&#039;nergys Canada","og_description":"Derni\u00e8re mise \u00e0 jour : mai 2025 E\u2019NERGYS INC. (\u00ab&nbsp;E\u2019nergys&nbsp;\u00bb) s\u2019engage \u00e0 prot\u00e9ger les renseignements personnels des utilisateurs de son site web en conformit\u00e9 avec la Loi sur la protection des renseignements personnels dans le secteur priv\u00e9 du Qu\u00e9bec (Loi 25) et toute autre loi applicable en mati\u00e8re de protection de la vie priv\u00e9e. Cette [&hellip;]","og_url":"https:\/\/e-nergys.com\/ca\/politique-de-confidentialite-et-temoins\/","og_site_name":"E&#039;nergys Canada","article_modified_time":"2026-05-04T07:54:09+00:00","twitter_card":"summary_large_image","twitter_misc":{"Estimation du temps de lecture":"4 minutes"},"schema":{"@context":"https:\/\/schema.org","@graph":[{"@type":"WebPage","@id":"https:\/\/e-nergys.com\/ca\/politique-de-confidentialite-et-temoins\/","url":"https:\/\/e-nergys.com\/ca\/politique-de-confidentialite-et-temoins\/","name":"Politique de confidentialit\u00e9 et t\u00e9moins | E&#039;nergys Canada","isPartOf":{"@id":"https:\/\/e-nergys.com\/ca\/#website"},"datePublished":"2026-04-15T08:16:33+00:00","dateModified":"2026-05-04T07:54:09+00:00","breadcrumb":{"@id":"https:\/\/e-nergys.com\/ca\/politique-de-confidentialite-et-temoins\/#breadcrumb"},"inLanguage":"fr-CA","potentialAction":[{"@type":"ReadAction","target":["https:\/\/e-nergys.com\/ca\/politique-de-confidentialite-et-temoins\/"]}]},{"@type":"BreadcrumbList","@id":"https:\/\/e-nergys.com\/ca\/politique-de-confidentialite-et-temoins\/#breadcrumb","itemListElement":[{"@type":"ListItem","position":1,"name":"Accueil","item":"https:\/\/e-nergys.com\/ca\/"},{"@type":"ListItem","position":2,"name":"Politique de confidentialit\u00e9 et t\u00e9moins"}]},{"@type":"WebSite","@id":"https:\/\/e-nergys.com\/ca\/#website","url":"https:\/\/e-nergys.com\/ca\/","name":"E'nergys Canada","description":"R\u00e9duisez vos co\u00fbts \u00e9nerg\u00e9tiques et am\u00e9liorez la performance de vos b\u00e2timents au Qu\u00e9bec.","publisher":{"@id":"https:\/\/e-nergys.com\/ca\/#organization"},"potentialAction":[{"@type":"SearchAction","target":{"@type":"EntryPoint","urlTemplate":"https:\/\/e-nergys.com\/ca\/?s={search_term_string}"},"query-input":{"@type":"PropertyValueSpecification","valueRequired":true,"valueName":"search_term_string"}}],"inLanguage":"fr-CA"},{"@type":"Organization","@id":"https:\/\/e-nergys.com\/ca\/#organization","name":"E'nergys Canada","url":"https:\/\/e-nergys.com\/ca\/","logo":{"@type":"ImageObject","inLanguage":"fr-CA","@id":"https:\/\/e-nergys.com\/ca\/#\/schema\/logo\/image\/","url":"https:\/\/e-nergys.com\/ca\/wp-content\/uploads\/2026\/04\/cropped-favicon.png","contentUrl":"https:\/\/e-nergys.com\/ca\/wp-content\/uploads\/2026\/04\/cropped-favicon.png","width":512,"height":512,"caption":"E'nergys Canada"},"image":{"@id":"https:\/\/e-nergys.com\/ca\/#\/schema\/logo\/image\/"},"sameAs":["https:\/\/www.linkedin.com\/company\/e-nergys-canada\/"]}]}},"_links":{"self":[{"href":"https:\/\/e-nergys.com\/ca\/wp-json\/wp\/v2\/pages\/115","targetHints":{"allow":["GET"]}}],"collection":[{"href":"https:\/\/e-nergys.com\/ca\/wp-json\/wp\/v2\/pages"}],"about":[{"href":"https:\/\/e-nergys.com\/ca\/wp-json\/wp\/v2\/types\/page"}],"author":[{"embeddable":true,"href":"https:\/\/e-nergys.com\/ca\/wp-json\/wp\/v2\/users\/1"}],"replies":[{"embeddable":true,"href":"https:\/\/e-nergys.com\/ca\/wp-json\/wp\/v2\/comments?post=115"}],"version-history":[{"count":0,"href":"https:\/\/e-nergys.com\/ca\/wp-json\/wp\/v2\/pages\/115\/revisions"}],"wp:attachment":[{"href":"https:\/\/e-nergys.com\/ca\/wp-json\/wp\/v2\/media?parent=115"}],"curies":[{"name":"wp","href":"https:\/\/api.w.org\/{rel}","templated":true}]}}